{"id":301,"date":"2025-10-15T16:12:13","date_gmt":"2025-10-15T14:12:13","guid":{"rendered":"https:\/\/marketing.headsetwelt.de\/?page_id=301"},"modified":"2026-03-25T13:31:46","modified_gmt":"2026-03-25T12:31:46","slug":"impressum","status":"publish","type":"page","link":"https:\/\/www.headsetwelt.de\/?page_id=301","title":{"rendered":"Impressum"},"content":{"rendered":"<p>[et_pb_section fb_built=&#8220;1&#8243; admin_label=&#8220;section&#8220; _builder_version=&#8220;4.16&#8243; global_colors_info=&#8220;{}&#8220;][et_pb_row admin_label=&#8220;row&#8220; _builder_version=&#8220;4.16&#8243; background_size=&#8220;initial&#8220; background_position=&#8220;top_left&#8220; background_repeat=&#8220;repeat&#8220; global_colors_info=&#8220;{}&#8220;][et_pb_column type=&#8220;4_4&#8243; _builder_version=&#8220;4.16&#8243; custom_padding=&#8220;|||&#8220; global_colors_info=&#8220;{}&#8220; custom_padding__hover=&#8220;|||&#8220;][et_pb_text admin_label=&#8220;Text&#8220; _builder_version=&#8220;4.27.6&#8243; background_size=&#8220;initial&#8220; background_position=&#8220;top_left&#8220; background_repeat=&#8220;repeat&#8220; hover_enabled=&#8220;0&#8243; global_colors_info=&#8220;{}&#8220; sticky_enabled=&#8220;0&#8243;]<\/p>\n<p><!-- divi:heading --><\/p>\n<h1 class=\"wp-block-heading\">Impressum<\/h1>\n<p>&nbsp;<\/p>\n<p>Headset Competence Karasu GmbH<br \/>Gesch\u00e4ftsf\u00fchrer: Ilhami Karasu<\/p>\n<p>Kollaustra\u00dfe 122<br \/>22453 Hamburg<br \/>Deutschland<\/p>\n<p>Tel.: +49 40 55 28 92 0<br \/>Fax: +49 40 55 28 92 11<br \/>E-Mail: <a href=\"mailto:info@headsetwelt.de\">info@headsetwelt.de<\/a><\/p>\n<p>Registergericht: Amtsgericht Hamburg<br \/>Registernummer: HRB: 90779<\/p>\n<p>Umsatzsteuer-Identifikationsnummer gem\u00e4\u00df \u00a7 27a UStG: DE235920992<\/p>\n<p>Berufshaftpflichtversicherung: BGHW Berufsgenossenschaft Handel und Warendistribution Hausanschrift: M5, 7 &#8211; 68161 Mannheim<br \/>R\u00e4umlicher Geltungsbereich: Deutschland<\/p>\n<p>Wir sind nicht bereit und nicht verpflichtet, an einem Streitbeilegungsverfahren vor einer Verbraucherschlichtungsstelle teilzunehmen.<\/p>\n<p>Bank: Hamburger Sparkasse AG BLZ: 200 505 50 Kto: 1216150100 IBAN: DE67 2005 0550 1216 1501 00 BIC: HASPDEHHXXX<\/p>\n<p>&nbsp;<\/p>\n<p><!-- \/divi:heading --><\/p>\n<p>[\/et_pb_text][\/et_pb_column][\/et_pb_row][\/et_pb_section]<\/p>\n","protected":false},"excerpt":{"rendered":"<p>Impressum &nbsp; Headset Competence Karasu GmbHGesch\u00e4ftsf\u00fchrer: Ilhami Karasu Kollaustra\u00dfe 12222453 HamburgDeutschland Tel.: +49 40 55 28 92 0Fax: +49 40 55 28 92 11E-Mail: info@headsetwelt.de Registergericht: Amtsgericht HamburgRegisternummer: HRB: 90779 Umsatzsteuer-Identifikationsnummer gem\u00e4\u00df \u00a7 27a UStG: DE235920992 Berufshaftpflichtversicherung: BGHW Berufsgenossenschaft Handel und Warendistribution Hausanschrift: M5, 7 &#8211; 68161 MannheimR\u00e4umlicher Geltungsbereich: Deutschland Wir sind nicht bereit und [&hellip;]<\/p>\n","protected":false},"author":2,"featured_media":0,"parent":0,"menu_order":0,"comment_status":"closed","ping_status":"closed","template":"","meta":{"_et_pb_use_builder":"on","_et_pb_old_content":"","_et_gb_content_width":"","footnotes":""},"class_list":["post-301","page","type-page","status-publish","hentry"],"_links":{"self":[{"href":"https:\/\/www.headsetwelt.de\/index.php?rest_route=\/wp\/v2\/pages\/301","targetHints":{"allow":["GET"]}}],"collection":[{"href":"https:\/\/www.headsetwelt.de\/index.php?rest_route=\/wp\/v2\/pages"}],"about":[{"href":"https:\/\/www.headsetwelt.de\/index.php?rest_route=\/wp\/v2\/types\/page"}],"author":[{"embeddable":true,"href":"https:\/\/www.headsetwelt.de\/index.php?rest_route=\/wp\/v2\/users\/2"}],"replies":[{"embeddable":true,"href":"https:\/\/www.headsetwelt.de\/index.php?rest_route=%2Fwp%2Fv2%2Fcomments&post=301"}],"version-history":[{"count":8,"href":"https:\/\/www.headsetwelt.de\/index.php?rest_route=\/wp\/v2\/pages\/301\/revisions"}],"predecessor-version":[{"id":511,"href":"https:\/\/www.headsetwelt.de\/index.php?rest_route=\/wp\/v2\/pages\/301\/revisions\/511"}],"wp:attachment":[{"href":"https:\/\/www.headsetwelt.de\/index.php?rest_route=%2Fwp%2Fv2%2Fmedia&parent=301"}],"curies":[{"name":"wp","href":"https:\/\/api.w.org\/{rel}","templated":true}]}}