{"id":450,"date":"2026-04-24T15:45:36","date_gmt":"2026-04-24T13:45:36","guid":{"rendered":"https:\/\/www.headsetwelt.de\/?page_id=450"},"modified":"2026-04-24T15:45:36","modified_gmt":"2026-04-24T13:45:36","slug":"unsere-klienten","status":"publish","type":"page","link":"https:\/\/www.headsetwelt.de\/?page_id=450","title":{"rendered":"Unsere Klienten"},"content":{"rendered":"<p>[et_pb_section fb_built=&#8220;1&#8243; admin_label=&#8220;Header&#8220; _builder_version=&#8220;4.19.0&#8243; _module_preset=&#8220;default&#8220; custom_padding=&#8220;||0px||false|false&#8220; collapsed=&#8220;on&#8220; global_colors_info=&#8220;{}&#8220;][et_pb_row _builder_version=&#8220;4.19.0&#8243; _module_preset=&#8220;default&#8220; global_colors_info=&#8220;{}&#8220;][et_pb_column type=&#8220;4_4&#8243; _builder_version=&#8220;4.18.1&#8243; _module_preset=&#8220;default&#8220; global_colors_info=&#8220;{}&#8220;][et_pb_text _builder_version=&#8220;4.27.5&#8243; _module_preset=&#8220;_initial&#8220; header_font=&#8220;Poppins|600|||||||&#8220; header_font_size=&#8220;72px&#8220; header_letter_spacing=&#8220;-0.03em&#8220; header_line_height=&#8220;1.2em&#8220; header_font_size_tablet=&#8220;40px&#8220; header_font_size_phone=&#8220;24px&#8220; header_font_size_last_edited=&#8220;on|desktop&#8220; global_colors_info=&#8220;{}&#8220;]<\/p>\n<h1>Unsere Klienten<\/h1>\n<p>[\/et_pb_text][et_pb_text _builder_version=&#8220;4.27.5&#8243; _module_preset=&#8220;_initial&#8220; text_font=&#8220;Poppins|500|||||||&#8220; text_font_size=&#8220;16px&#8220; text_letter_spacing=&#8220;-0.01em&#8220; text_line_height=&#8220;1.8em&#8220; text_font_size_tablet=&#8220;15px&#8220; text_font_size_phone=&#8220;14px&#8220; text_font_size_last_edited=&#8220;on|phone&#8220; header_font_size_tablet=&#8220;55px&#8220; header_font_size_last_edited=&#8220;off|desktop&#8220; global_colors_info=&#8220;{}&#8220;]<\/p>\n<p>Hinter Headsetwelt steht die Hamburger Firma Headset Competence Karasu GmbH, eines der gr\u00f6\u00dften Systemh\u00e4user f\u00fcr b2b-Headset- und Konferenz-L\u00f6sungen. Hauptgesch\u00e4ftsfeld: Vertrieb und Implementierungsberatung von Headsets, Telefon- und Videokonferenz-L\u00f6sungen, Freisprecheinrichtungen und Webcams der Marken JABRA, POLY, EPOS und YEALINK.<\/p>\n<p>[\/et_pb_text][\/et_pb_column][\/et_pb_row][\/et_pb_section][et_pb_section fb_built=&#8220;1&#8243; admin_label=&#8220;Video&#8220; _builder_version=&#8220;4.19.0&#8243; _module_preset=&#8220;default&#8220; custom_padding=&#8220;0px||40px|||&#8220; collapsed=&#8220;on&#8220; global_colors_info=&#8220;{}&#8220;][et_pb_row _builder_version=&#8220;4.19.0&#8243; _module_preset=&#8220;default&#8220; global_colors_info=&#8220;{}&#8220; custom_padding=&#8220;0px||0px|||&#8220;][et_pb_column type=&#8220;4_4&#8243; _builder_version=&#8220;4.18.1&#8243; _module_preset=&#8220;default&#8220; global_colors_info=&#8220;{}&#8220;][et_pb_image src=&#8220;https:\/\/www.headsetwelt.de\/wp-content\/uploads\/2025\/07\/IMG_1481-lila.jpg&#8220; title_text=&#8220;IMG_1481-lila&#8220; _builder_version=&#8220;4.27.6&#8243; _module_preset=&#8220;default&#8220; hover_enabled=&#8220;0&#8243; global_colors_info=&#8220;{}&#8220; width=&#8220;80%&#8220; align=&#8220;center&#8220; sticky_enabled=&#8220;0&#8243;][\/et_pb_image][\/et_pb_column][\/et_pb_row][\/et_pb_section][et_pb_section fb_built=&#8220;1&#8243; admin_label=&#8220;Team&#8220; _builder_version=&#8220;4.19.0&#8243; _module_preset=&#8220;default&#8220; custom_padding=&#8220;32px|||||&#8220; collapsed=&#8220;on&#8220; global_colors_info=&#8220;{}&#8220;][et_pb_row column_structure=&#8220;1_3,1_3,1_3&#8243; custom_padding_last_edited=&#8220;on|tablet&#8220; _builder_version=&#8220;4.27.5&#8243; _module_preset=&#8220;default&#8220; custom_padding_tablet=&#8220;||0px||false|false&#8220; custom_padding_phone=&#8220;||0px||false|false&#8220; global_colors_info=&#8220;{}&#8220;][et_pb_column type=&#8220;1_3&#8243; _builder_version=&#8220;4.27.5&#8243; _module_preset=&#8220;default&#8220; link_option_url=&#8220;https:\/\/www.sinus-nt.de\/&#8220; link_option_url_new_window=&#8220;on&#8220; global_colors_info=&#8220;{}&#8220;][et_pb_image src=&#8220;https:\/\/www.headsetwelt.de\/wp-content\/uploads\/2026\/02\/LG_SINUS_NEU_22.png&#8220; title_text=&#8220;LG_SINUS_NEU_22&#8243; align=&#8220;center&#8220; _builder_version=&#8220;4.27.5&#8243; _module_preset=&#8220;default&#8220; max_width=&#8220;400px&#8220; global_colors_info=&#8220;{}&#8220;][\/et_pb_image][\/et_pb_column][et_pb_column type=&#8220;1_3&#8243; _builder_version=&#8220;4.27.5&#8243; _module_preset=&#8220;default&#8220; link_option_url=&#8220;https:\/\/www.hansemerkur.de&#8220; link_option_url_new_window=&#8220;on&#8220; global_colors_info=&#8220;{}&#8220;][et_pb_image src=&#8220;https:\/\/www.headsetwelt.de\/wp-content\/uploads\/2026\/02\/Logo-Hansemerkur.png&#8220; title_text=&#8220;Logo-Hansemerkur&#8220; align=&#8220;center&#8220; _builder_version=&#8220;4.27.5&#8243; _module_preset=&#8220;default&#8220; max_width=&#8220;400px&#8220; custom_padding=&#8220;78px|||||&#8220; global_colors_info=&#8220;{}&#8220;][\/et_pb_image][\/et_pb_column][et_pb_column type=&#8220;1_3&#8243; _builder_version=&#8220;4.27.5&#8243; _module_preset=&#8220;default&#8220; link_option_url=&#8220;https:\/\/holalemania.de\/&#8220; link_option_url_new_window=&#8220;on&#8220; global_colors_info=&#8220;{}&#8220;][et_pb_image src=&#8220;https:\/\/www.headsetwelt.de\/wp-content\/uploads\/2026\/02\/Logo-Holalemania.png&#8220; title_text=&#8220;Logo-Holalemania&#8220; align=&#8220;center&#8220; _builder_version=&#8220;4.27.5&#8243; _module_preset=&#8220;default&#8220; max_width=&#8220;400px&#8220; custom_padding=&#8220;64px|||||&#8220; global_colors_info=&#8220;{}&#8220;][\/et_pb_image][\/et_pb_column][\/et_pb_row][et_pb_row column_structure=&#8220;1_2,1_2&#8243; _builder_version=&#8220;4.27.5&#8243; _module_preset=&#8220;default&#8220; global_colors_info=&#8220;{}&#8220;][et_pb_column type=&#8220;1_2&#8243; _builder_version=&#8220;4.27.5&#8243; _module_preset=&#8220;default&#8220; global_colors_info=&#8220;{}&#8220;][et_pb_testimonial author=&#8220;SINUS NACHRICHTENTECHNIK GMBH&#8220; url=&#8220;https:\/\/www.sinus-nt.de\/&#8220; url_new_window=&#8220;on&#8220; portrait_url=&#8220;https:\/\/www.headsetwelt.de\/wp-content\/uploads\/2026\/02\/FOTO_SINUS.jpeg&#8220; quote_icon_color=&#8220;#FFFFFF&#8220; quote_icon_background_color=&#8220;gcid-secondary-color&#8220; font_icon=&#8220;&#x7b;||divi||400&#8243; portrait_width=&#8220;200px&#8220; portrait_height=&#8220;200px&#8220; _builder_version=&#8220;4.27.6&#8243; _module_preset=&#8220;default&#8220; border_radii_portrait=&#8220;on|0px|0px|0px|0px&#8220; global_colors_info=&#8220;{%22gcid-secondary-color%22:%91%22quote_icon_background_color%22%93}&#8220; portrait_url__hover_enabled=&#8220;off|desktop&#8220;]<\/p>\n<p>Headsetwelt ist bereits seit 2013 Lieferant der Sinus Nachrichtentechnik fu\u0308r Headsets der Marken EPOS, Jabra und POLY. Herr Karasu und sein Team punkten bei uns mit schnellen Reaktionszeiten, fachlicher Kompetenz und exzellentem Kundenservice. Sehr gute Erreichbarkeit und verbindliche Lieferzeiten machen Headsetwelt fu\u0308r uns zu einem starken Partner.<\/p>\n<p>[\/et_pb_testimonial][\/et_pb_column][et_pb_column type=&#8220;1_2&#8243; _builder_version=&#8220;4.27.5&#8243; _module_preset=&#8220;default&#8220; global_colors_info=&#8220;{}&#8220;][et_pb_testimonial author=&#8220;steg Hamburg mbH&#8220; url=&#8220;https:\/\/www.sinus-nt.de\/&#8220; url_new_window=&#8220;on&#8220; portrait_url=&#8220;https:\/\/www.headsetwelt.de\/wp-content\/uploads\/2026\/02\/image001.png&#8220; quote_icon_color=&#8220;#FFFFFF&#8220; quote_icon_background_color=&#8220;gcid-secondary-color&#8220; font_icon=&#8220;&#x7b;||divi||400&#8243; portrait_width=&#8220;100px&#8220; portrait_height=&#8220;100px&#8220; _builder_version=&#8220;4.27.6&#8243; _module_preset=&#8220;default&#8220; border_color_all=&#8220;RGBA(255,255,255,0)&#8220; border_style_all=&#8220;none&#8220; border_radii_portrait=&#8220;on|0px|0px|0px|0px&#8220; global_colors_info=&#8220;{%22gcid-secondary-color%22:%91%22quote_icon_background_color%22%93,%22gcid-primary-color%22:%91%22quote_icon_background_color%22%93}&#8220; portrait_url__hover_enabled=&#8220;off|desktop&#8220;]<\/p>\n<p>Seit einem guten halben Jahr beziehen wir die Headsets f\u00fcr unsere Mitarbeitenden \u00fcber die Firma Headsetwelt, uns wurden mehrere Modelle zum kostenlosen Testen zugesandt. Nachdem sich unsere Mitarbeitenden entschieden haben,<br \/>wurde die Ware p\u00fcnktlich geliefert. Der Austausch von defekten Ger\u00e4ten erfolgte z\u00fcgig und unkompliziert. Selbiges gilt f\u00fcr die Erreichbarkeit des Kundenbetreuungsteams \u2013 so macht Zusammenarbeit Spa\u00df!<\/p>\n<p>[\/et_pb_testimonial][\/et_pb_column][\/et_pb_row][\/et_pb_section][et_pb_section fb_built=&#8220;1&#8243; disabled_on=&#8220;on|on|on&#8220; admin_label=&#8220;Jobs&#8220; _builder_version=&#8220;4.19.0&#8243; _module_preset=&#8220;default&#8220; disabled=&#8220;on&#8220; collapsed=&#8220;on&#8220; global_colors_info=&#8220;{}&#8220;][et_pb_row _builder_version=&#8220;4.27.5&#8243; _module_preset=&#8220;default&#8220; background_color=&#8220;gcid-primary-color&#8220; custom_margin=&#8220;||60px||false|false&#8220; custom_padding=&#8220;4%|8%|4%|8%|true|true&#8220; border_radii=&#8220;on|24px|24px|24px|24px&#8220; box_shadow_style=&#8220;preset4&#8243; box_shadow_horizontal=&#8220;0px&#8220; box_shadow_vertical=&#8220;60px&#8220; box_shadow_blur=&#8220;80px&#8220; box_shadow_color=&#8220;rgba(12,0,0,0.1)&#8220; global_colors_info=&#8220;{%22gcid-primary-color%22:%91%22background_color%22%93}&#8220;][et_pb_column type=&#8220;4_4&#8243; _builder_version=&#8220;4.18.1&#8243; _module_preset=&#8220;default&#8220; global_colors_info=&#8220;{}&#8220;][et_pb_text _builder_version=&#8220;4.18.1&#8243; _module_preset=&#8220;_initial&#8220; header_2_font=&#8220;Poppins|600|||||||&#8220; header_2_font_size=&#8220;48px&#8220; header_2_letter_spacing=&#8220;-0.02em&#8220; header_2_line_height=&#8220;1.2em&#8220; text_orientation=&#8220;center&#8220; header_2_font_size_tablet=&#8220;32px&#8220; header_2_font_size_phone=&#8220;20px&#8220; header_2_font_size_last_edited=&#8220;on|desktop&#8220; global_colors_info=&#8220;{}&#8220;]<\/p>\n<h2>We&#8217;re Hiring<\/h2>\n<p>[\/et_pb_text][et_pb_text _builder_version=&#8220;4.19.2&#8243; _module_preset=&#8220;_initial&#8220; text_font=&#8220;Poppins|500|||||||&#8220; text_text_color=&#8220;#000000&#8243; text_font_size=&#8220;16px&#8220; text_letter_spacing=&#8220;-0.01em&#8220; text_line_height=&#8220;1.8em&#8220; text_orientation=&#8220;center&#8220; text_font_size_tablet=&#8220;15px&#8220; text_font_size_phone=&#8220;14px&#8220; text_font_size_last_edited=&#8220;on|phone&#8220; header_font_size_tablet=&#8220;55px&#8220; header_font_size_last_edited=&#8220;off|desktop&#8220; global_colors_info=&#8220;{}&#8220;]<\/p>\n<p>Donec rutrum congue leo eget malesuada. Quisque velit nisi, pretium ut lacinia in, elementum id enim. Vestibulum ac diam sit amet quam vehicula elementum sed sit amet dui.<\/p>\n<p>[\/et_pb_text][\/et_pb_column][\/et_pb_row][\/et_pb_section][et_pb_section fb_built=&#8220;1&#8243; admin_label=&#8220;Footer 2&#8243; _builder_version=&#8220;4.27.4&#8243; _module_preset=&#8220;default&#8220; background_color=&#8220;gcid-secondary-color&#8220; custom_padding=&#8220;0px||0px||true|false&#8220; saved_tabs=&#8220;all&#8220; collapsed=&#8220;on&#8220; global_colors_info=&#8220;{%22gcid-secondary-color%22:%91%22background_color%22%93}&#8220;][et_pb_row column_structure=&#8220;1_2,1_2&#8243; _builder_version=&#8220;4.19.0&#8243; _module_preset=&#8220;default&#8220; custom_padding=&#8220;13px||4px|5px||&#8220; global_colors_info=&#8220;{}&#8220;][et_pb_column type=&#8220;1_2&#8243; _builder_version=&#8220;4.18.1&#8243; _module_preset=&#8220;default&#8220; custom_padding=&#8220;14px||||false|false&#8220; global_colors_info=&#8220;{}&#8220;][et_pb_text _builder_version=&#8220;4.27.4&#8243; _dynamic_attributes=&#8220;content&#8220; _module_preset=&#8220;82a7848a-9891-4055-8829-1f6c1cc911fa&#8220; text_text_color=&#8220;#FFFFFF&#8220; global_colors_info=&#8220;{}&#8220;]@ET-DC@eyJkeW5hbWljIjp0cnVlLCJjb250ZW50IjoiY3VycmVudF9kYXRlIiwic2V0dGluZ3MiOnsiYmVmb3JlIjoiQ29weXJpZ2h0ICZjb3B5OyAgIiwiYWZ0ZXIiOiIgSGVhZHNldHdlbHQuIEFsbCBSaWdodHMgUmVzZXJ2ZWQuIiwiZGF0ZV9mb3JtYXQiOiJjdXN0b20iLCJjdXN0b21fZGF0ZV9mb3JtYXQiOiJZIn19@[\/et_pb_text][\/et_pb_column][et_pb_column type=&#8220;1_2&#8243; _builder_version=&#8220;4.18.1&#8243; _module_preset=&#8220;default&#8220; global_colors_info=&#8220;{}&#8220;][et_pb_social_media_follow use_icon_font_size=&#8220;on&#8220; icon_font_size=&#8220;24px&#8220; _builder_version=&#8220;4.27.4&#8243; _module_preset=&#8220;default&#8220; text_orientation=&#8220;right&#8220; text_orientation_tablet=&#8220;left&#8220; text_orientation_phone=&#8220;&#8220; text_orientation_last_edited=&#8220;on|tablet&#8220; global_colors_info=&#8220;{}&#8220;][et_pb_social_media_follow_network social_network=&#8220;linkedin&#8220; url=&#8220;https:\/\/www.linkedin.com\/company\/headsetwelt-headset-competence-karasu-gmbh\/posts\/?feedView=all&#8220; _builder_version=&#8220;4.27.4&#8243; _module_preset=&#8220;default&#8220; background_color=&#8220;#007bb6&#8243; global_colors_info=&#8220;{}&#8220; follow_button=&#8220;off&#8220; url_new_window=&#8220;on&#8220;]linkedin[\/et_pb_social_media_follow_network][et_pb_social_media_follow_network social_network=&#8220;facebook&#8220; url=&#8220;https:\/\/www.facebook.com\/headsetwelt&#8220; _builder_version=&#8220;4.27.4&#8243; _module_preset=&#8220;default&#8220; global_colors_info=&#8220;{}&#8220; follow_button=&#8220;off&#8220; url_new_window=&#8220;on&#8220;]facebook[\/et_pb_social_media_follow_network][et_pb_social_media_follow_network social_network=&#8220;instagram&#8220; url=&#8220;https:\/\/www.instagram.com\/headsetwelt\/&#8220; _builder_version=&#8220;4.27.4&#8243; _module_preset=&#8220;default&#8220; global_colors_info=&#8220;{}&#8220; follow_button=&#8220;off&#8220; url_new_window=&#8220;on&#8220;]instagram[\/et_pb_social_media_follow_network][\/et_pb_social_media_follow][\/et_pb_column][\/et_pb_row][\/et_pb_section]<\/p>\n","protected":false},"excerpt":{"rendered":"<p>Unsere KlientenHinter Headsetwelt steht die Hamburger Firma Headset Competence Karasu GmbH, eines der gr\u00f6\u00dften Systemh\u00e4user f\u00fcr b2b-Headset- und Konferenz-L\u00f6sungen. Hauptgesch\u00e4ftsfeld: Vertrieb und Implementierungsberatung von Headsets, Telefon- und Videokonferenz-L\u00f6sungen, Freisprecheinrichtungen und Webcams der Marken JABRA, POLY, EPOS und YEALINK.Headsetwelt ist bereits seit 2013 Lieferant der Sinus Nachrichtentechnik fu\u0308r Headsets der Marken EPOS, Jabra und POLY. Herr [&hellip;]<\/p>\n","protected":false},"author":2,"featured_media":0,"parent":0,"menu_order":0,"comment_status":"closed","ping_status":"closed","template":"","meta":{"_et_pb_use_builder":"on","_et_pb_old_content":"","_et_gb_content_width":"","footnotes":""},"class_list":["post-450","page","type-page","status-publish","hentry"],"_links":{"self":[{"href":"https:\/\/www.headsetwelt.de\/index.php?rest_route=\/wp\/v2\/pages\/450","targetHints":{"allow":["GET"]}}],"collection":[{"href":"https:\/\/www.headsetwelt.de\/index.php?rest_route=\/wp\/v2\/pages"}],"about":[{"href":"https:\/\/www.headsetwelt.de\/index.php?rest_route=\/wp\/v2\/types\/page"}],"author":[{"embeddable":true,"href":"https:\/\/www.headsetwelt.de\/index.php?rest_route=\/wp\/v2\/users\/2"}],"replies":[{"embeddable":true,"href":"https:\/\/www.headsetwelt.de\/index.php?rest_route=%2Fwp%2Fv2%2Fcomments&post=450"}],"version-history":[{"count":16,"href":"https:\/\/www.headsetwelt.de\/index.php?rest_route=\/wp\/v2\/pages\/450\/revisions"}],"predecessor-version":[{"id":556,"href":"https:\/\/www.headsetwelt.de\/index.php?rest_route=\/wp\/v2\/pages\/450\/revisions\/556"}],"wp:attachment":[{"href":"https:\/\/www.headsetwelt.de\/index.php?rest_route=%2Fwp%2Fv2%2Fmedia&parent=450"}],"curies":[{"name":"wp","href":"https:\/\/api.w.org\/{rel}","templated":true}]}}